{"id":58582,"date":"2024-11-18T09:32:03","date_gmt":"2024-11-18T08:32:03","guid":{"rendered":"https:\/\/tempo.dam-online.de\/produkt\/architekturfuehrer-deutschland-2025\/"},"modified":"2024-11-18T09:32:03","modified_gmt":"2024-11-18T08:32:03","slug":"architekturfuehrer-deutschland-2025","status":"publish","type":"product","link":"https:\/\/tempo.dam-online.de\/en\/product\/architekturfuehrer-deutschland-2025\/","title":{"rendered":"Architekturf\u00fchrer Deutschland 2025"},"content":{"rendered":"<p><span class=\"readonlyText multiple\"><em>Yorck F\u00f6rster, Christina Gr\u00e4we,<br \/>\nPeter Cachola Schmal (Hg.)<\/em><\/span><\/p>\n<p><span class=\"readonlyText multiple\">St. Peter-Ording und Waldshut-Tiengen im Norden und S\u00fcden, Neuenburg am Rhein und St\u00fctzengr\u00fcn im Westen und Osten \u2013 diese Orte stecken das geografische Gebiet der in diesem Architektur\u00adf\u00fchrer vorgestellten 100 Geb\u00e4ude und Ensembles ab. Die Auswahl entspricht der Longlist zum DAM Preis f\u00fcr Architektur in Deutschland 2025, recherchiert vom Deutschen Architekturmuseum in Kooperation mit externen Experten.<br \/>\nEin Schwerpunkt ist das Weiterbauen, Sanieren und Umnutzen im Bestand \u2013 von \u00adaufgelockerten ehe\u00admaligen Lagerh\u00e4usern \u00fcber neu \u00addefinierte Industrie\u00adanlagen bis hin zur umgewidmeten \u00adKirche. Viele Beispiele stammen aus den Bereichen \u00adSoziales und Bildung oder sind eine Kombination aus beiden. Ein gutes Drittel der Auswahl sind Wohnbauten ganz unterschiedlicher Art, und nicht zuletzt sind aus Kultur und Arbeit ebenfalls qualit\u00e4tsvolle neue wie neu gedachte Geb\u00e4ude dabei. Sie alle eint der Fokus auf nachhaltiges, klimabewusstes Bauen: ein Spiegel des aktuellen Baugeschehens in Deutschland sowie ein eindr\u00fccklicher Verweis auf die Zukunft.<\/span><\/p>\n<p class=\"p1\"><em>135 x\u00a0245 mm<\/em><br \/>\n<em>224 Seiten<\/em><br \/>\n<em>600 Abbildungen<\/em><br \/>\n<em>Softcover<\/em><\/p>\n<p class=\"p1\"><em>ISBN 978-3-86922-898-3<\/em><\/p>\n","protected":false},"excerpt":{"rendered":"<p>Yorck F\u00f6rster, Christina Gr\u00e4we, Peter Cachola Schmal (Hg.) St. Peter-Ording und Waldshut-Tiengen im Norden und S\u00fcden, Neuenburg am Rhein und St\u00fctzengr\u00fcn im Westen und Osten \u2013 diese Orte stecken das [&hellip;]<\/p>\n","protected":false},"featured_media":58581,"template":"","meta":{"_acf_changed":false,"_et_pb_use_builder":"","_et_pb_old_content":"","_et_gb_content_width":""},"product_brand":[],"product_cat":[372],"product_tag":[],"hf_cat_product":[],"class_list":{"0":"post-58582","1":"product","2":"type-product","3":"status-publish","4":"has-post-thumbnail","6":"product_cat-book","8":"first","9":"instock","10":"taxable","11":"shipping-taxable","12":"purchasable","13":"product-type-simple"},"acf":[],"_links":{"self":[{"href":"https:\/\/tempo.dam-online.de\/en\/wp-json\/wp\/v2\/product\/58582","targetHints":{"allow":["GET"]}}],"collection":[{"href":"https:\/\/tempo.dam-online.de\/en\/wp-json\/wp\/v2\/product"}],"about":[{"href":"https:\/\/tempo.dam-online.de\/en\/wp-json\/wp\/v2\/types\/product"}],"wp:featuredmedia":[{"embeddable":true,"href":"https:\/\/tempo.dam-online.de\/en\/wp-json\/wp\/v2\/media\/58581"}],"wp:attachment":[{"href":"https:\/\/tempo.dam-online.de\/en\/wp-json\/wp\/v2\/media?parent=58582"}],"wp:term":[{"taxonomy":"product_brand","embeddable":true,"href":"https:\/\/tempo.dam-online.de\/en\/wp-json\/wp\/v2\/product_brand?post=58582"},{"taxonomy":"product_cat","embeddable":true,"href":"https:\/\/tempo.dam-online.de\/en\/wp-json\/wp\/v2\/product_cat?post=58582"},{"taxonomy":"product_tag","embeddable":true,"href":"https:\/\/tempo.dam-online.de\/en\/wp-json\/wp\/v2\/product_tag?post=58582"},{"taxonomy":"hf_cat_product","embeddable":true,"href":"https:\/\/tempo.dam-online.de\/en\/wp-json\/wp\/v2\/hf_cat_product?post=58582"}],"curies":[{"name":"wp","href":"https:\/\/api.w.org\/{rel}","templated":true}]}}