{"id":55344,"date":"2024-01-26T15:04:23","date_gmt":"2024-01-26T14:04:23","guid":{"rendered":"https:\/\/tempo.dam-online.de\/?post_type=product&#038;p=55344"},"modified":"2025-01-13T14:18:41","modified_gmt":"2025-01-13T13:18:41","slug":"deutsches-architektur-jahrbuch-2024","status":"publish","type":"product","link":"https:\/\/tempo.dam-online.de\/en\/product\/deutsches-architektur-jahrbuch-2024\/","title":{"rendered":"Deutsches Architektur Jahrbuch 2024"},"content":{"rendered":"<p>Deutsches Architekturjahrbuch 2024<br \/>\nGerman Architecture Annual 2024<\/p>\n<p>Yorck F\u00f6rster, Christina Gr\u00e4we,<br \/>\nPeter Cachola Schmal (Hg.)<\/p>\n<p>Das\u00a0Deutsche Architektur Jahrbuch, herausgegeben vom Deutschen Architekturmuseum (DAM) in Frankfurt am Main, dokumentiert seit fast 40 Jahren das aktuelle Baugeschehen in Deutschland. Das Jahrbuch stellt in Besprechungen von namhaften Autoren die Shortlist von 24 Geb\u00e4uden aus Deutschland sowie drei Beispiele im Ausland vor, die eine Jury f\u00fcr den\u00a0DAM Preis f\u00fcr Architektur in Deutschland 2024\u00a0ermittelt hat. Kuratoren des Museums sowie renommierte Architekten und Architekturkritiker sichteten dazu ein Feld von rund einhundert Nominierungen f\u00fcr den Jahrgang. Neben der besonderen W\u00fcrdigung des Gewinners des DAM Preis wird auch die engere Auswahl von Finalisten n\u00e4her portr\u00e4tiert.<\/p>\n<p>The German Architectural Annual, edited by the German Architecture Museum (DAM), has been documenting contemporary architectural projects in Germany for the past 40 years. This year\u00b4s edition of the annual presents the shortlist of 24 buildings selected by the jury for the 2024 DAM Preis for Architecture in Germany. The building reviews, written by architectural critics, along with large-format photographs, provide a deep insight into those works.<\/p>\n<p>220 \u00d7 280 mm<br \/>\n256 Seiten\/pages<br \/>\n400\u00a0Abbildungen\/images<br \/>\nLeinenhardcover<\/p>\n<p>ISBN 978-3-86922-884-6 (deutsch\/englisch)<\/p>\n","protected":false},"excerpt":{"rendered":"<p>Deutsches Architekturjahrbuch 2024 German Architecture Annual 2024 Yorck F\u00f6rster, Christina Gr\u00e4we, Peter Cachola Schmal (Hg.) Das\u00a0Deutsche Architektur Jahrbuch, herausgegeben vom Deutschen Architekturmuseum (DAM) in Frankfurt am Main, dokumentiert seit fast [&hellip;]<\/p>\n","protected":false},"featured_media":55342,"template":"","meta":{"_acf_changed":false,"_et_pb_use_builder":"","_et_pb_old_content":"","_et_gb_content_width":""},"product_brand":[],"product_cat":[303,326],"product_tag":[],"hf_cat_product":[],"class_list":{"0":"post-55344","1":"product","2":"type-product","3":"status-publish","4":"has-post-thumbnail","6":"product_cat-buch","7":"product_cat-publikation","9":"first","10":"instock","11":"taxable","12":"shipping-taxable","13":"purchasable","14":"product-type-simple"},"acf":[],"_links":{"self":[{"href":"https:\/\/tempo.dam-online.de\/en\/wp-json\/wp\/v2\/product\/55344","targetHints":{"allow":["GET"]}}],"collection":[{"href":"https:\/\/tempo.dam-online.de\/en\/wp-json\/wp\/v2\/product"}],"about":[{"href":"https:\/\/tempo.dam-online.de\/en\/wp-json\/wp\/v2\/types\/product"}],"wp:featuredmedia":[{"embeddable":true,"href":"https:\/\/tempo.dam-online.de\/en\/wp-json\/wp\/v2\/media\/55342"}],"wp:attachment":[{"href":"https:\/\/tempo.dam-online.de\/en\/wp-json\/wp\/v2\/media?parent=55344"}],"wp:term":[{"taxonomy":"product_brand","embeddable":true,"href":"https:\/\/tempo.dam-online.de\/en\/wp-json\/wp\/v2\/product_brand?post=55344"},{"taxonomy":"product_cat","embeddable":true,"href":"https:\/\/tempo.dam-online.de\/en\/wp-json\/wp\/v2\/product_cat?post=55344"},{"taxonomy":"product_tag","embeddable":true,"href":"https:\/\/tempo.dam-online.de\/en\/wp-json\/wp\/v2\/product_tag?post=55344"},{"taxonomy":"hf_cat_product","embeddable":true,"href":"https:\/\/tempo.dam-online.de\/en\/wp-json\/wp\/v2\/hf_cat_product?post=55344"}],"curies":[{"name":"wp","href":"https:\/\/api.w.org\/{rel}","templated":true}]}}