{"id":37123,"date":"2022-03-11T11:43:42","date_gmt":"2022-03-11T10:43:42","guid":{"rendered":"https:\/\/tempo.dam-online.de\/produkt\/deutsches-architektur-jahrbuch-2008-09\/"},"modified":"2023-03-06T10:50:31","modified_gmt":"2023-03-06T09:50:31","slug":"deutsches-architektur-jahrbuch-2008-09","status":"publish","type":"product","link":"https:\/\/tempo.dam-online.de\/en\/product\/deutsches-architektur-jahrbuch-2008-09\/","title":{"rendered":"Deutsches Architektur Jahrbuch 2008\/09"},"content":{"rendered":"<div>\n<p><i>Peter Cachola Schmal, Oliver Elser, Peter Cachola Schmal<\/i><br \/>\nHrsg.:\u00a0Deutsches Architekturmuseum -DAM-, Frankfurt\/Main; Peter Cachola Schmal, Oliver Elser<br \/>\n2008, 208 \u00a0S.,\u00a0m. 120 SW- u. 170 Farbabb. 28 cm,\u00a0Softcover<br \/>\nSprache:\u00a0Deutsch, Englisch<br \/>\nPrestel<br \/>\nISBN\u00a0978-3-7913-4047-0<\/p>\n<p>Das Jahrbuch liefert einen profunden \u00dcberblick \u00fcber die aktuelle deutsche Architektur im In- und Ausland. Renommierte Architekturkritiker beleuchten in dieser Ausgabe unter anderem die junge deutsche Architektenszene sowie die Bauaktivit\u00e4ten in China. Alle vorgestellten Projekte sind ab Januar 2009 in einer Ausstellung im DAM zu sehen, einschlie\u00dflich des Siegers des begehrten DAM-Preises f\u00fcr Architektur in Deutschland: Peter Zumthors Kolumba, Kunstmuseum des Erzbistums K\u00f6ln.<\/p>\n<\/div>\n<div><strong>Note: Binding of some copies damaged<\/strong><\/div>\n","protected":false},"excerpt":{"rendered":"<p>Peter Cachola Schmal, Oliver Elser, Peter Cachola Schmal Hrsg.:\u00a0Deutsches Architekturmuseum -DAM-, Frankfurt\/Main; Peter Cachola Schmal, Oliver Elser 2008, 208 \u00a0S.,\u00a0m. 120 SW- u. 170 Farbabb. 28 cm,\u00a0Softcover Sprache:\u00a0Deutsch, Englisch Prestel [&hellip;]<\/p>\n","protected":false},"featured_media":37122,"template":"","meta":{"_acf_changed":false,"_et_pb_use_builder":"","_et_pb_old_content":"","_et_gb_content_width":""},"product_brand":[],"product_cat":[372],"product_tag":[],"hf_cat_product":[],"class_list":{"0":"post-37123","1":"product","2":"type-product","3":"status-publish","4":"has-post-thumbnail","6":"product_cat-book","8":"first","9":"instock","10":"taxable","11":"shipping-taxable","12":"purchasable","13":"product-type-simple"},"acf":[],"_links":{"self":[{"href":"https:\/\/tempo.dam-online.de\/en\/wp-json\/wp\/v2\/product\/37123","targetHints":{"allow":["GET"]}}],"collection":[{"href":"https:\/\/tempo.dam-online.de\/en\/wp-json\/wp\/v2\/product"}],"about":[{"href":"https:\/\/tempo.dam-online.de\/en\/wp-json\/wp\/v2\/types\/product"}],"wp:featuredmedia":[{"embeddable":true,"href":"https:\/\/tempo.dam-online.de\/en\/wp-json\/wp\/v2\/media\/37122"}],"wp:attachment":[{"href":"https:\/\/tempo.dam-online.de\/en\/wp-json\/wp\/v2\/media?parent=37123"}],"wp:term":[{"taxonomy":"product_brand","embeddable":true,"href":"https:\/\/tempo.dam-online.de\/en\/wp-json\/wp\/v2\/product_brand?post=37123"},{"taxonomy":"product_cat","embeddable":true,"href":"https:\/\/tempo.dam-online.de\/en\/wp-json\/wp\/v2\/product_cat?post=37123"},{"taxonomy":"product_tag","embeddable":true,"href":"https:\/\/tempo.dam-online.de\/en\/wp-json\/wp\/v2\/product_tag?post=37123"},{"taxonomy":"hf_cat_product","embeddable":true,"href":"https:\/\/tempo.dam-online.de\/en\/wp-json\/wp\/v2\/hf_cat_product?post=37123"}],"curies":[{"name":"wp","href":"https:\/\/api.w.org\/{rel}","templated":true}]}}