{"id":37119,"date":"2022-03-11T11:31:47","date_gmt":"2022-03-11T10:31:47","guid":{"rendered":"https:\/\/tempo.dam-online.de\/produkt\/deutsches-architektur-jahrbuch-2010-11\/"},"modified":"2023-03-06T10:58:43","modified_gmt":"2023-03-06T09:58:43","slug":"deutsches-architektur-jahrbuch-2010-11","status":"publish","type":"product","link":"https:\/\/tempo.dam-online.de\/en\/product\/deutsches-architektur-jahrbuch-2010-11\/","title":{"rendered":"Deutsches Architektur Jahrbuch 2010\/11"},"content":{"rendered":"<p><strong>von Peter Cachola Schmal<br \/>\n<\/strong><strong>EAN \/ ISBN:<\/strong> 9783791350639<br \/>\n<strong>Medium:<\/strong> Taschenbuch<br \/>\n<strong>Seitenzahl:<\/strong> 212<br \/>\n<strong>Erscheinungsdatum<\/strong>: 2010-10-12<br \/>\n<strong>Sprache:<\/strong> Deutsch\/Englisch<br \/>\n<strong>Herausgeber:<\/strong> Prestel Verlag<\/p>\n<p>Bauwerke made in Germany. Wer wissen m\u00f6chte, wo und woran sich die besten Architekten des Landes zurzeit verwirklichen, greift zu diesem profunden \u00dcberblick \u00fcber alle aktuellen Projekte. Das l\u00e4ngst zum Standardwerk etablierte Jahrbuch wird seit 30 Jahren vom Deutschen Architekturmuseum herausgegeben und ist ein Muss f\u00fcr jeden, der \u00fcber den neuesten Stand der Entwicklung informiert sein m\u00f6chte. Das DAM w\u00fcrdigt alle im Buch vorgestellten Projekte mit einer Ausstellung; darunter nat\u00fcrlich auch den diesj\u00e4hrigen Sieger des begehrten DAM-Preises f\u00fcr Architektur.##<\/p>\n<p><strong>Note: Binding of some copies damaged<\/strong><\/p>\n","protected":false},"excerpt":{"rendered":"<p>von Peter Cachola Schmal EAN \/ ISBN: 9783791350639 Medium: Taschenbuch Seitenzahl: 212 Erscheinungsdatum: 2010-10-12 Sprache: Deutsch\/Englisch Herausgeber: Prestel Verlag Bauwerke made in Germany. Wer wissen m\u00f6chte, wo und woran sich [&hellip;]<\/p>\n","protected":false},"featured_media":35700,"template":"","meta":{"_acf_changed":false,"_et_pb_use_builder":"","_et_pb_old_content":"","_et_gb_content_width":""},"product_brand":[],"product_cat":[372],"product_tag":[],"hf_cat_product":[],"class_list":{"0":"post-37119","1":"product","2":"type-product","3":"status-publish","4":"has-post-thumbnail","6":"product_cat-book","8":"first","9":"instock","10":"taxable","11":"shipping-taxable","12":"purchasable","13":"product-type-simple"},"acf":[],"_links":{"self":[{"href":"https:\/\/tempo.dam-online.de\/en\/wp-json\/wp\/v2\/product\/37119","targetHints":{"allow":["GET"]}}],"collection":[{"href":"https:\/\/tempo.dam-online.de\/en\/wp-json\/wp\/v2\/product"}],"about":[{"href":"https:\/\/tempo.dam-online.de\/en\/wp-json\/wp\/v2\/types\/product"}],"wp:featuredmedia":[{"embeddable":true,"href":"https:\/\/tempo.dam-online.de\/en\/wp-json\/wp\/v2\/media\/35700"}],"wp:attachment":[{"href":"https:\/\/tempo.dam-online.de\/en\/wp-json\/wp\/v2\/media?parent=37119"}],"wp:term":[{"taxonomy":"product_brand","embeddable":true,"href":"https:\/\/tempo.dam-online.de\/en\/wp-json\/wp\/v2\/product_brand?post=37119"},{"taxonomy":"product_cat","embeddable":true,"href":"https:\/\/tempo.dam-online.de\/en\/wp-json\/wp\/v2\/product_cat?post=37119"},{"taxonomy":"product_tag","embeddable":true,"href":"https:\/\/tempo.dam-online.de\/en\/wp-json\/wp\/v2\/product_tag?post=37119"},{"taxonomy":"hf_cat_product","embeddable":true,"href":"https:\/\/tempo.dam-online.de\/en\/wp-json\/wp\/v2\/hf_cat_product?post=37119"}],"curies":[{"name":"wp","href":"https:\/\/api.w.org\/{rel}","templated":true}]}}