{"id":27587,"date":"2021-07-08T14:14:33","date_gmt":"2021-07-08T12:14:33","guid":{"rendered":"https:\/\/tempo.dam-online.de\/produkt\/anschaulich-frankfurter-museumsarchitektur-fuer-kinder\/"},"modified":"2022-03-09T16:31:04","modified_gmt":"2022-03-09T15:31:04","slug":"anschaulich-frankfurter-museumsarchitektur-fuer-kinder","status":"publish","type":"product","link":"https:\/\/tempo.dam-online.de\/en\/product\/anschaulich-frankfurter-museumsarchitektur-fuer-kinder\/","title":{"rendered":"ANSCHAULICH \u2014 Frankfurter Museumsarchitektur f\u00fcr Kinder"},"content":{"rendered":"<p>Arne Winkelmann, Bettina Gebhardt<\/p>\n<p>Hrsg. Marietta Andreas, Christina Budde<\/p>\n<p>Erschienen im ant\u00e6usverlag<\/p>\n<p>Gem\u00e4lde, antike Skulpturen, Saurierskelette, ausgestopfte Tiere, historische M\u00f6bel, arch\u00e4ologische Fundst\u00fccke &#8230; Jedes Museum stellt andere Dinge aus, deshalb gleicht auch kein Museumsbau dem andern. In \u201eANSCHAULICH. Frankfurter Museumsarchitektur f\u00fcr Kinder\u201c wird eine Auswahl von 20 Frankfurter Museen vorgestellt \u2013 eine Art kleiner Museumsbaukunde f\u00fcr Kinder. Auf Doppelseiten finden sich Informationen zu je einem Museum und einen bestimmten Aspekt des Museumsbaus wie White Cube, Black Box, Enfilade &#8230; Auf jeder Doppelseite befindet sich auch eine kleine Aufgabe oder ein R\u00e4tsel. Das Maskottchen &#8220;Ariadne&#8221; mit ihrem Panther begleiten den Leser durch die Museen.<\/p>\n<p>ANSCHAULICH entstand mit der Hilfe und Finanzierung der Gesellschaft der Freunde des Deutschen Architekturmuseums. Es ist der dritte Band der Reihe TYPEN DEINER STADT, in der bisher die Titel \u201eHimmelst\u00fcrmend. Frankfurter Hochh\u00e4user f\u00fcr Kinder\u201c und \u201e\u00dcberspannend. Frankfurter Br\u00fccken f\u00fcr Kinder\u201c erschienen sind.<\/p>\n<p><a href=\"http:\/\/www.tempo.dam-online.de\/uploads\/Freunde\/Info_ANSCHAULICH.pdf\" target=\"_blank\" rel=\"noopener noreferrer\">Infoblatt, PDF-Datei<\/a><\/p>\n<p>Ab 8 Jahren, Format 16,5 x 23 cm, Hardcover<\/p>\n<p>Im Museumsshop und im Buchhandel<strong> EUR 5<\/strong><\/p>\n","protected":false},"excerpt":{"rendered":"<p>Gem\u00e4lde, antike Skulpturen, Saurierskelette, ausgestopfte Tiere, historische M\u00f6bel, arch\u00e4ologische Fundst\u00fccke &#8230; Jedes Museum stellt andere Dinge aus, deshalb gleicht auch kein Museumsbau dem andern.<\/p>\n","protected":false},"featured_media":8052,"template":"","meta":{"_acf_changed":false,"_et_pb_use_builder":"","_et_pb_old_content":"","_et_gb_content_width":""},"product_brand":[],"product_cat":[372],"product_tag":[],"hf_cat_product":[],"class_list":{"0":"post-27587","1":"product","2":"type-product","3":"status-publish","4":"has-post-thumbnail","6":"product_cat-book","8":"first","9":"instock","10":"taxable","11":"shipping-taxable","12":"purchasable","13":"product-type-simple"},"acf":[],"_links":{"self":[{"href":"https:\/\/tempo.dam-online.de\/en\/wp-json\/wp\/v2\/product\/27587","targetHints":{"allow":["GET"]}}],"collection":[{"href":"https:\/\/tempo.dam-online.de\/en\/wp-json\/wp\/v2\/product"}],"about":[{"href":"https:\/\/tempo.dam-online.de\/en\/wp-json\/wp\/v2\/types\/product"}],"wp:featuredmedia":[{"embeddable":true,"href":"https:\/\/tempo.dam-online.de\/en\/wp-json\/wp\/v2\/media\/8052"}],"wp:attachment":[{"href":"https:\/\/tempo.dam-online.de\/en\/wp-json\/wp\/v2\/media?parent=27587"}],"wp:term":[{"taxonomy":"product_brand","embeddable":true,"href":"https:\/\/tempo.dam-online.de\/en\/wp-json\/wp\/v2\/product_brand?post=27587"},{"taxonomy":"product_cat","embeddable":true,"href":"https:\/\/tempo.dam-online.de\/en\/wp-json\/wp\/v2\/product_cat?post=27587"},{"taxonomy":"product_tag","embeddable":true,"href":"https:\/\/tempo.dam-online.de\/en\/wp-json\/wp\/v2\/product_tag?post=27587"},{"taxonomy":"hf_cat_product","embeddable":true,"href":"https:\/\/tempo.dam-online.de\/en\/wp-json\/wp\/v2\/hf_cat_product?post=27587"}],"curies":[{"name":"wp","href":"https:\/\/api.w.org\/{rel}","templated":true}]}}