{"id":27476,"date":"2021-07-08T14:14:55","date_gmt":"2021-07-08T12:14:55","guid":{"rendered":"https:\/\/tempo.dam-online.de\/?post_type=product&#038;p=27476"},"modified":"2021-07-09T18:11:56","modified_gmt":"2021-07-09T16:11:56","slug":"the-new-premises-of-the-european-central-bank-der-neubau-der-europaeischen-zentralbank-2","status":"publish","type":"product","link":"https:\/\/tempo.dam-online.de\/en\/product\/the-new-premises-of-the-european-central-bank-der-neubau-der-europaeischen-zentralbank-2\/","title":{"rendered":"The New Premises of the European Central Bank &#8211; Der Neubau der Europ\u00e4ischen Zentralbank"},"content":{"rendered":"<p>Herausgegeben von Peter Cachola Schmal, Yorck F\u00f6rster, Christina Gr\u00e4we und Joachim MIldner<\/p>\n<p>Hardcover<\/p>\n<p>2017<\/p>\n<p>320 Seiten<\/p>\n<p>In deutscher und englischer Sprache<\/p>\n<p>Prestel Verlag.<\/p>\n<p>ISBN 978-3-7913-5418-7<\/p>\n<p>Format (B x L): 22.3 x 28.1 cm<\/p>\n<p>Gewicht: 1647 g<\/p>\n<p>&nbsp;<\/p>\n","protected":false},"excerpt":{"rendered":"<p>Herausgegeben von Peter Cachola Schmal, Yorck F\u00f6rster, Christina Gr\u00e4we und Joachim MIldner<\/p>\n","protected":false},"featured_media":22035,"template":"","meta":{"_acf_changed":false,"_et_pb_use_builder":"","_et_pb_old_content":"","_et_gb_content_width":""},"product_brand":[],"product_cat":[372],"product_tag":[],"hf_cat_product":[],"class_list":{"0":"post-27476","1":"product","2":"type-product","3":"status-publish","4":"has-post-thumbnail","6":"product_cat-book","8":"first","9":"instock","10":"taxable","11":"shipping-taxable","12":"purchasable","13":"product-type-simple"},"acf":[],"_links":{"self":[{"href":"https:\/\/tempo.dam-online.de\/en\/wp-json\/wp\/v2\/product\/27476","targetHints":{"allow":["GET"]}}],"collection":[{"href":"https:\/\/tempo.dam-online.de\/en\/wp-json\/wp\/v2\/product"}],"about":[{"href":"https:\/\/tempo.dam-online.de\/en\/wp-json\/wp\/v2\/types\/product"}],"wp:featuredmedia":[{"embeddable":true,"href":"https:\/\/tempo.dam-online.de\/en\/wp-json\/wp\/v2\/media\/22035"}],"wp:attachment":[{"href":"https:\/\/tempo.dam-online.de\/en\/wp-json\/wp\/v2\/media?parent=27476"}],"wp:term":[{"taxonomy":"product_brand","embeddable":true,"href":"https:\/\/tempo.dam-online.de\/en\/wp-json\/wp\/v2\/product_brand?post=27476"},{"taxonomy":"product_cat","embeddable":true,"href":"https:\/\/tempo.dam-online.de\/en\/wp-json\/wp\/v2\/product_cat?post=27476"},{"taxonomy":"product_tag","embeddable":true,"href":"https:\/\/tempo.dam-online.de\/en\/wp-json\/wp\/v2\/product_tag?post=27476"},{"taxonomy":"hf_cat_product","embeddable":true,"href":"https:\/\/tempo.dam-online.de\/en\/wp-json\/wp\/v2\/hf_cat_product?post=27476"}],"curies":[{"name":"wp","href":"https:\/\/api.w.org\/{rel}","templated":true}]}}