{"id":27472,"date":"2021-07-08T14:14:55","date_gmt":"2021-07-08T12:14:55","guid":{"rendered":"https:\/\/tempo.dam-online.de\/?post_type=product&#038;p=27472"},"modified":"2021-07-09T18:26:17","modified_gmt":"2021-07-09T16:26:17","slug":"architekturfuehrer-deutschland-2021-2","status":"publish","type":"product","link":"https:\/\/tempo.dam-online.de\/en\/product\/architekturfuehrer-deutschland-2021-2\/","title":{"rendered":"Architekturf\u00fchrer Deutschland 2021"},"content":{"rendered":"<div class=\"description\">\n<p><strong>Architekturf\u00fchrer<\/strong><\/p>\n<p><span class=\"readonlyText multiple\"><em>Yorck F\u00f6rster, Christina Gr\u00e4we, Peter Cachola Schmal (Hg.)<\/em><\/span><\/p>\n<p><span class=\"readonlyText multiple\">Der <em>Architekturf\u00fchrer Deutschland 2021<\/em> unternimmt eine ausgedehnte Tour zu bemerkenswerten Bauten und Ensembles. Die k\u00fcrzlich realisierten 99 Bauwerke wurden vom Deutschen Architekturmuseum in Zusammenarbeit mit einem Expertengremium recherchiert. Dabei ging der Blick nicht nur auf die etablierten Akteure, sondern auch auf die Arbeiten \u00bbjunger\u00ab B\u00fcros, die am Beginn ihrer Laufbahn stehen. Vorgestellt werden Projekte ganz unterschiedlicher Ma\u00dfst\u00e4be, es finden sich Beispiele \u00f6ffentlichen und privaten Bauens. Um- und Weiterbauten und die bewusste Verwendung von Recyclingmaterial oder Holz spiegeln die aktuelle Diskussion um Nachhaltigkeit und Reduktion des CO2-Fu\u00dfabdrucks.<\/p>\n<p>Die Reise f\u00fchrt in Metropolregionen sowie l\u00e4ndliche Gebiete, in Stadtzentren und -peripherien, in bekannte wie unbekannte, gro\u00dfe wie kleinste Orte. Das Stichwort \u00bbReise\u00ab ist im Coronajahr 1 allerdings anders konnotiert. Vielleicht aber erh\u00e4lt ein so spezieller Architekturf\u00fchrer wie dieser gerade in einer Phase, in der Reisewillige den Blick weniger in die Ferne, daf\u00fcr mehr ins eigene Land richten, eine besondere Bedeutung.<\/span><\/p>\n<p class=\"p1\"><em>135 x 245 mm<\/em><\/p>\n<p><em>224 Seiten<\/em><\/p>\n<p><em>500 Abbildungen<\/em><\/p>\n<p><em>Softcover<\/em><\/p>\n<p class=\"p1\"><em>ISBN 978-3-86922-771-9<\/em><\/p>\n<\/div>\n","protected":false},"excerpt":{"rendered":"<p>Der Architekturf\u00fchrer Deutschland 2021 unternimmt eine ausgedehnte Tour zu bemerkenswerten Bauten und Ensembles. Die k\u00fcrzlich realisierten 99 Bauwerke wurden vom Deutschen Architekturmuseum in Zusammenarbeit mit einem Expertengremium recherchiert. Dabei ging der Blick nicht nur auf die etablierten Akteure, sondern auch auf die Arbeiten \u00bbjunger\u00ab B\u00fcros, die am Beginn ihrer Laufbahn stehen.<\/p>\n","protected":false},"featured_media":21719,"template":"","meta":{"_acf_changed":false,"_et_pb_use_builder":"","_et_pb_old_content":"","_et_gb_content_width":""},"product_brand":[],"product_cat":[372],"product_tag":[],"hf_cat_product":[],"class_list":{"0":"post-27472","1":"product","2":"type-product","3":"status-publish","4":"has-post-thumbnail","6":"product_cat-book","8":"first","9":"instock","10":"taxable","11":"shipping-taxable","12":"purchasable","13":"product-type-simple"},"acf":[],"_links":{"self":[{"href":"https:\/\/tempo.dam-online.de\/en\/wp-json\/wp\/v2\/product\/27472","targetHints":{"allow":["GET"]}}],"collection":[{"href":"https:\/\/tempo.dam-online.de\/en\/wp-json\/wp\/v2\/product"}],"about":[{"href":"https:\/\/tempo.dam-online.de\/en\/wp-json\/wp\/v2\/types\/product"}],"wp:featuredmedia":[{"embeddable":true,"href":"https:\/\/tempo.dam-online.de\/en\/wp-json\/wp\/v2\/media\/21719"}],"wp:attachment":[{"href":"https:\/\/tempo.dam-online.de\/en\/wp-json\/wp\/v2\/media?parent=27472"}],"wp:term":[{"taxonomy":"product_brand","embeddable":true,"href":"https:\/\/tempo.dam-online.de\/en\/wp-json\/wp\/v2\/product_brand?post=27472"},{"taxonomy":"product_cat","embeddable":true,"href":"https:\/\/tempo.dam-online.de\/en\/wp-json\/wp\/v2\/product_cat?post=27472"},{"taxonomy":"product_tag","embeddable":true,"href":"https:\/\/tempo.dam-online.de\/en\/wp-json\/wp\/v2\/product_tag?post=27472"},{"taxonomy":"hf_cat_product","embeddable":true,"href":"https:\/\/tempo.dam-online.de\/en\/wp-json\/wp\/v2\/hf_cat_product?post=27472"}],"curies":[{"name":"wp","href":"https:\/\/api.w.org\/{rel}","templated":true}]}}